{"id":1346,"date":"2021-10-18T00:03:51","date_gmt":"2021-10-17T22:03:51","guid":{"rendered":"http:\/\/www.mytube.cz\/?page_id=1346"},"modified":"2021-10-18T00:55:48","modified_gmt":"2021-10-17T22:55:48","slug":"o-projektu","status":"publish","type":"page","link":"https:\/\/www.mytube.cz\/index.php\/o-projektu\/","title":{"rendered":"o projektu"},"content":{"rendered":"\n<h2 class=\"wp-block-heading\">podm\u00ednky<\/h2>\n\n\n\n<p>\u201eSvoboda my\u0161len\u00ed, sv\u011bdom\u00ed a n\u00e1bo\u017eensk\u00e9ho vyzn\u00e1n\u00ed je zaru\u010dena. Svoboda projevu a pr\u00e1vo na informace jsou zaru\u010deny. Ka\u017ed\u00fd m\u00e1 pr\u00e1vo vyjad\u0159ovat sv\u00e9 n\u00e1zory slovem, p\u00edsmem, tiskem, obrazem nebo jin\u00fdm zp\u016fsobem, jako\u017e i svobodn\u011b vyhled\u00e1vat, p\u0159ij\u00edmat a roz\u0161i\u0159ovat ideje a informace bez ohledu na hranice st\u00e1tu\u201c. <strong>(Listina z\u00e1kladn\u00edch pr\u00e1v a svobod \u010cesk\u00e9 republiky).<\/strong><\/p>\n\n\n\n<p>Neodpov\u00edd\u00e1me za obsah \u010dl\u00e1nk\u016f i diskus\u00ed, kter\u00e9 ne v\u017edy odpov\u00eddaj\u00ed na\u0161emu stanovisku . P\u0159eb\u00edr\u00e1n\u00ed p\u00edsemn\u00e9ho \u010di obrazov\u00e9ho materi\u00e1lu je mo\u017en\u00e9 voln\u011b a bez souhlasu <\/p>\n","protected":false},"excerpt":{"rendered":"<p>podm\u00ednky \u201eSvoboda my\u0161len\u00ed, sv\u011bdom\u00ed a n\u00e1bo\u017eensk\u00e9ho vyzn\u00e1n\u00ed je zaru\u010dena. Svoboda projevu a pr\u00e1vo na informace jsou zaru\u010deny. Ka\u017ed\u00fd m\u00e1 pr\u00e1vo vyjad\u0159ovat sv\u00e9 n\u00e1zory slovem, p\u00edsmem, tiskem, obrazem nebo jin\u00fdm zp\u016fsobem, jako\u017e i svobodn\u011b vyhled\u00e1vat, p\u0159ij\u00edmat a roz\u0161i\u0159ovat ideje a informace&#8230; <\/p>\n","protected":false},"author":1,"featured_media":0,"parent":0,"menu_order":0,"comment_status":"closed","ping_status":"closed","template":"","meta":{"footnotes":""},"class_list":["post-1346","page","type-page","status-publish","hentry"],"_links":{"self":[{"href":"https:\/\/www.mytube.cz\/index.php\/wp-json\/wp\/v2\/pages\/1346","targetHints":{"allow":["GET"]}}],"collection":[{"href":"https:\/\/www.mytube.cz\/index.php\/wp-json\/wp\/v2\/pages"}],"about":[{"href":"https:\/\/www.mytube.cz\/index.php\/wp-json\/wp\/v2\/types\/page"}],"author":[{"embeddable":true,"href":"https:\/\/www.mytube.cz\/index.php\/wp-json\/wp\/v2\/users\/1"}],"replies":[{"embeddable":true,"href":"https:\/\/www.mytube.cz\/index.php\/wp-json\/wp\/v2\/comments?post=1346"}],"version-history":[{"count":2,"href":"https:\/\/www.mytube.cz\/index.php\/wp-json\/wp\/v2\/pages\/1346\/revisions"}],"predecessor-version":[{"id":1369,"href":"https:\/\/www.mytube.cz\/index.php\/wp-json\/wp\/v2\/pages\/1346\/revisions\/1369"}],"wp:attachment":[{"href":"https:\/\/www.mytube.cz\/index.php\/wp-json\/wp\/v2\/media?parent=1346"}],"curies":[{"name":"wp","href":"https:\/\/api.w.org\/{rel}","templated":true}]}}