{"id":422,"date":"2012-10-01T09:11:53","date_gmt":"2012-10-01T09:11:53","guid":{"rendered":"http:\/\/demo.wpzoom.com\/videozoom\/?page_id=422"},"modified":"2024-01-14T13:36:17","modified_gmt":"2024-01-14T11:36:17","slug":"submit-a-video","status":"publish","type":"page","link":"https:\/\/www.mytube.cz\/index.php\/submit-a-video\/","title":{"rendered":"Sp\u0159\u00e1telen\u00e9 weby"},"content":{"rendered":"<p>Paralelne<em> &#8211;<\/em> <a href=\"http:\/\/www.paralelne.cz\">www.paralelne.cz<\/a><\/p>\n<p>Otev\u0159i svou mysl<em> &#8211;<\/em> <a href=\"http:\/\/www.otevrisvoumysl.cz\">www.otevrisvoumysl.cz<\/a><em><br \/>\n<\/em><\/p>\n<p>V24TV &#8211; <a href=\"http:\/\/www.v24tv.cz\" target=\"_blank\" rel=\"noopener noreferrer\">www.v24tv.cz<\/a><\/p>\n<p>Pavel Kamas &#8211; <a href=\"http:\/\/www.ovirustunejde.cz\" target=\"_blank\" rel=\"noopener noreferrer\">www.ovirustunejde.cz<\/a><\/p>\n<p>Lenka Tarabov\u00e1 &#8211; <a href=\"http:\/\/www.resetheus.org\" target=\"_blank\" rel=\"noopener noreferrer\">www.resetheus.org<\/a><\/p>\n<p>Rozalio &#8211; <a href=\"http:\/\/www.rozalio.cz\" target=\"_blank\" rel=\"noopener noreferrer\">www.rozalio.cz<\/a><\/p>\n<p>Ivan Smetana &#8211; <a href=\"http:\/\/www.iktv.cz\" target=\"_blank\" rel=\"noopener noreferrer\">www.iktv.cz<\/a><\/p>\n<p>V\u00e1clav Rada &#8211; <a href=\"http:\/\/www.rychlafotokamera.cz\">www.rychlafotokamera.cz<\/a><\/p>\n","protected":false},"excerpt":{"rendered":"<p>Paralelne &#8211; www.paralelne.cz Otev\u0159i svou mysl &#8211; www.otevrisvoumysl.cz V24TV &#8211; www.v24tv.cz Pavel Kamas &#8211; www.ovirustunejde.cz Lenka Tarabov\u00e1 &#8211; www.resetheus.org Rozalio &#8211; www.rozalio.cz Ivan Smetana &#8211; www.iktv.cz V\u00e1clav Rada &#8211; www.rychlafotokamera.cz<\/p>\n","protected":false},"author":1,"featured_media":0,"parent":0,"menu_order":0,"comment_status":"open","ping_status":"open","template":"","meta":{"footnotes":""},"class_list":["post-422","page","type-page","status-publish","hentry"],"_links":{"self":[{"href":"https:\/\/www.mytube.cz\/index.php\/wp-json\/wp\/v2\/pages\/422","targetHints":{"allow":["GET"]}}],"collection":[{"href":"https:\/\/www.mytube.cz\/index.php\/wp-json\/wp\/v2\/pages"}],"about":[{"href":"https:\/\/www.mytube.cz\/index.php\/wp-json\/wp\/v2\/types\/page"}],"author":[{"embeddable":true,"href":"https:\/\/www.mytube.cz\/index.php\/wp-json\/wp\/v2\/users\/1"}],"replies":[{"embeddable":true,"href":"https:\/\/www.mytube.cz\/index.php\/wp-json\/wp\/v2\/comments?post=422"}],"version-history":[{"count":11,"href":"https:\/\/www.mytube.cz\/index.php\/wp-json\/wp\/v2\/pages\/422\/revisions"}],"predecessor-version":[{"id":1690,"href":"https:\/\/www.mytube.cz\/index.php\/wp-json\/wp\/v2\/pages\/422\/revisions\/1690"}],"wp:attachment":[{"href":"https:\/\/www.mytube.cz\/index.php\/wp-json\/wp\/v2\/media?parent=422"}],"curies":[{"name":"wp","href":"https:\/\/api.w.org\/{rel}","templated":true}]}}